{"id":1541,"date":"2025-10-20T16:27:22","date_gmt":"2025-10-20T14:27:22","guid":{"rendered":"https:\/\/www.ab-smarthouse.com\/?post_type=product&#038;p=1541"},"modified":"2025-10-20T16:30:01","modified_gmt":"2025-10-20T14:30:01","slug":"led-dimmer-reg-gehaeuse","status":"publish","type":"product","link":"https:\/\/www.ab-smarthouse.com\/en\/product\/led-dimmer-reg-gehaeuse\/","title":{"rendered":"LED dimmer REG: Housing"},"content":{"rendered":"<p>The housing for the LED dimmer in the 12-way REG version (constant voltage and constant current) can be reordered here.<\/p>\n<p>The housing also includes all screws required for assembly.<\/p>","protected":false},"excerpt":{"rendered":"<p>Hier kann das Geh\u00e4use f\u00fcr den LED-Dimmer in der 12-fach REG-Variante (Constant Voltage und Constant Current) nachbestellt werden. Das Geh\u00e4use beinhaltet auch alle f\u00fcr die Montage erforderlichen Schrauben.<\/p>","protected":false},"featured_media":0,"template":"","meta":{"inline_featured_image":false,"neve_meta_sidebar":"","neve_meta_container":"","neve_meta_enable_content_width":"off","neve_meta_content_width":100,"neve_meta_title_alignment":"","neve_meta_author_avatar":"","neve_post_elements_order":"","neve_meta_disable_header":"","neve_meta_disable_footer":"","neve_meta_disable_title":""},"product_brand":[],"product_cat":[19],"product_tag":[],"class_list":{"0":"post-1541","1":"product","2":"type-product","3":"status-publish","5":"product_cat-unkategorisiert","7":"first","8":"instock","9":"taxable","10":"shipping-taxable","11":"purchasable","12":"product-type-simple"},"_links":{"self":[{"href":"https:\/\/www.ab-smarthouse.com\/en\/wp-json\/wp\/v2\/product\/1541","targetHints":{"allow":["GET"]}}],"collection":[{"href":"https:\/\/www.ab-smarthouse.com\/en\/wp-json\/wp\/v2\/product"}],"about":[{"href":"https:\/\/www.ab-smarthouse.com\/en\/wp-json\/wp\/v2\/types\/product"}],"wp:attachment":[{"href":"https:\/\/www.ab-smarthouse.com\/en\/wp-json\/wp\/v2\/media?parent=1541"}],"wp:term":[{"taxonomy":"product_brand","embeddable":true,"href":"https:\/\/www.ab-smarthouse.com\/en\/wp-json\/wp\/v2\/product_brand?post=1541"},{"taxonomy":"product_cat","embeddable":true,"href":"https:\/\/www.ab-smarthouse.com\/en\/wp-json\/wp\/v2\/product_cat?post=1541"},{"taxonomy":"product_tag","embeddable":true,"href":"https:\/\/www.ab-smarthouse.com\/en\/wp-json\/wp\/v2\/product_tag?post=1541"}],"curies":[{"name":"wp","href":"https:\/\/api.w.org\/{rel}","templated":true}]}}